{"id":642,"date":"2018-05-23T01:52:00","date_gmt":"2018-05-22T23:52:00","guid":{"rendered":"https:\/\/www.rmdsc.de\/?page_id=642"},"modified":"2026-03-17T07:01:20","modified_gmt":"2026-03-17T06:01:20","slug":"willis-eisstockregatta","status":"publish","type":"page","link":"https:\/\/www.rmdsc.de\/?page_id=642","title":{"rendered":"Willi&#8217;s Eisstockregatta"},"content":{"rendered":"<div class=\"graybox\">\n<p><\/p>\n\n\n\n<figure class=\"wp-block-image\"><img loading=\"lazy\" decoding=\"async\" width=\"200\" height=\"144\" src=\"https:\/\/www.rmdsc.de\/wp-content\/uploads\/2018\/05\/RMDSC-Wimpel-BGgrau.png\" alt=\"\" class=\"wp-image-662\"\/><\/figure>\n\n\n\n<p><a href=\"https:\/\/www.rmdsc.de\/wp-content\/uploads\/2025\/05\/ERgebnisse_Eisstockregatta2025.pdf\">Ergebnisse 2025<\/a><\/p>\n\n\n\n<p><a href=\"https:\/\/www.rmdsc.de\/wp-content\/uploads\/2024\/05\/Eisstockregatta_2024.pdf\">Ergebnisse 2024<\/a><\/p>\n\n\n\n<p><a href=\"https:\/\/www.rmdsc.de\/wp-content\/uploads\/2023\/06\/Ergebnisse_Eisstockregatta2023.pdf\">Ergebnisse 2023<\/a><\/p>\n\n\n\n<p><strong><a href=\"https:\/\/www.rmdsc.de\/wp-content\/uploads\/2022\/10\/Ergebnisse_Eisstockregatta2022.pdf\">Ergebnisse 2022<\/a><\/strong><\/p>\n\n\n\n<p><strong>Ergebnisse 2019<\/strong><\/p>\n\n\n\n<p>1. Platz: Franz Schwarz, Kai Niclas Michels, Jochen Turbanski<br>2. Platz: Horst Br\u00e4utigam, Dieter Sch\u00f6nwald, Christopher Wankerl<br>3. Platz: Stephan G\u00f6tz, Thomas Liebsch<\/p>\n\n\n\n<p><strong>Ergebnisse 2018<\/strong><\/p>\n\n\n\n<p>1. Platz: Uwe Darchinger, Sieghardt Lenzner<br>2. Platz: Franz Schwarz, Irmi Bauer, Barbara Grafinger<br>3. Platz: Dieter Sch\u00f6nwald, Jochen Steinhoff<\/p>\n\n\n\n<p><strong>Ergebnisse 2017<\/strong><\/p>\n\n\n\n<p>Keine Wertung wegen widriger Windverh\u00e4ltnisse. Flaute nach dem ersten Start.<\/p>\n\n\n\n<p><strong>Ergebnisse 2016<\/strong><\/p>\n\n\n\n<p>1. Platz: Uwe Darchinger<br>2. Platz: Dieter Bolzani und Martina Hartmann auf Leila<br>3. Platz: Sieghart Lenzner, Hans Kolz und Eugen Hetzenecker auf Capriccio<\/p>\n\n\n\n<p><strong>Ergebnisse 2015<\/strong><\/p>\n\n\n\n<p>Keine Wertung wegen widriger Windverh\u00e4ltnisse. Totale Flaute nach Zieldurchlauf des ersten Bootes.<\/p>\n\n\n\n<p><strong>Ergebnisse 2014<\/strong><\/p>\n\n\n\n<p>1. Platz: Uwe Darchinger<br>2. Platz: Dr. D. Sch\u00f6nwald und Jochen Steinhoff<br>3. Platz: Hans Oelschlegel, Thomas Petzuch und Thomas Maetzel auf Leila<\/p>\n<\/div>","protected":false},"excerpt":{"rendered":"<p>Ergebnisse 2025 Ergebnisse 2024 Ergebnisse 2023 Ergebnisse 2022 Ergebnisse 2019 1. Platz: Franz Schwarz, Kai Niclas Michels, Jochen Turbanski2. Platz: Horst Br\u00e4utigam, Dieter Sch\u00f6nwald, Christopher Wankerl3. Platz: Stephan G\u00f6tz, Thomas Liebsch Ergebnisse 2018 1. Platz: Uwe Darchinger, Sieghardt Lenzner2. Platz: Franz Schwarz, Irmi Bauer, Barbara Grafinger3. Platz: Dieter Sch\u00f6nwald, Jochen Steinhoff Ergebnisse 2017 Keine Wertung &hellip; <a href=\"https:\/\/www.rmdsc.de\/?page_id=642\" class=\"more-link\"><span class=\"screen-reader-text\">\u201eWilli&#8217;s Eisstockregatta\u201c <\/span>weiterlesen<\/a><\/p>\n","protected":false},"author":243,"featured_media":0,"parent":0,"menu_order":0,"comment_status":"closed","ping_status":"closed","template":"","meta":{"footnotes":""},"class_list":["post-642","page","type-page","status-publish","hentry"],"_links":{"self":[{"href":"https:\/\/www.rmdsc.de\/index.php?rest_route=\/wp\/v2\/pages\/642","targetHints":{"allow":["GET"]}}],"collection":[{"href":"https:\/\/www.rmdsc.de\/index.php?rest_route=\/wp\/v2\/pages"}],"about":[{"href":"https:\/\/www.rmdsc.de\/index.php?rest_route=\/wp\/v2\/types\/page"}],"author":[{"embeddable":true,"href":"https:\/\/www.rmdsc.de\/index.php?rest_route=\/wp\/v2\/users\/243"}],"replies":[{"embeddable":true,"href":"https:\/\/www.rmdsc.de\/index.php?rest_route=%2Fwp%2Fv2%2Fcomments&post=642"}],"version-history":[{"count":27,"href":"https:\/\/www.rmdsc.de\/index.php?rest_route=\/wp\/v2\/pages\/642\/revisions"}],"predecessor-version":[{"id":236044,"href":"https:\/\/www.rmdsc.de\/index.php?rest_route=\/wp\/v2\/pages\/642\/revisions\/236044"}],"wp:attachment":[{"href":"https:\/\/www.rmdsc.de\/index.php?rest_route=%2Fwp%2Fv2%2Fmedia&parent=642"}],"curies":[{"name":"wp","href":"https:\/\/api.w.org\/{rel}","templated":true}]}}