{"id":721,"date":"2018-05-23T08:17:23","date_gmt":"2018-05-23T06:17:23","guid":{"rendered":"https:\/\/www.rmdsc.de\/?page_id=721"},"modified":"2025-05-12T18:40:00","modified_gmt":"2025-05-12T16:40:00","slug":"jugend","status":"publish","type":"page","link":"https:\/\/www.rmdsc.de\/?page_id=721","title":{"rendered":"Jugend"},"content":{"rendered":"\n<p><em>Willkommen auf der Seite der Jugendabteilung des RMDSC<\/em><\/p>\n\n\n\n<p><em>Unser Ziel ist es, Euch das Segeln beginnend im Optimisten beizubringen. Dazu bieten wir in den Pfingstferien eine Jugendwoche an, in der das Segeln im Optimisten erlernt werden kann. Danach seid Ihr soweit, dass Ihr Euch in den w\u00f6chentlichen Trainings am Samstag weiter entwickeln oder auch schon erste Regattaerfahrung sammeln k\u00f6nnt.<\/em><\/p>\n\n\n\n<p><em>Betreut werdet Ihr auf Eurem Weg von engagierten jungen Jugendbetreuern und dem Jugendwart.<\/em><\/p>\n\n\n\n<p><em>F\u00fcr \u00e4ltere Jugendliche stehen 420er und ILCA (Laser) bereit. Hier k\u00f6nnen Trainings individuell organisiert werden.<\/em><\/p>\n\n\n\n<p><em>Hier der <a href=\"https:\/\/www.rmdsc.de\/wp-content\/uploads\/2025\/05\/Jugend-Kalender-2025-Stand-05.pdf\">Jahresplan  <\/a>der Jugendabteilung des RMDS<\/em><strong><em>C<\/em><\/strong><\/p>\n\n\n\n<p><em>Holger M\u00f6bius (Jugendwart)<\/em><\/p>\n","protected":false},"excerpt":{"rendered":"<p>Willkommen auf der Seite der Jugendabteilung des RMDSC Unser Ziel ist es, Euch das Segeln beginnend im Optimisten beizubringen. Dazu bieten wir in den Pfingstferien eine Jugendwoche an, in der das Segeln im Optimisten erlernt werden kann. Danach seid Ihr soweit, dass Ihr Euch in den w\u00f6chentlichen Trainings am Samstag weiter entwickeln oder auch schon &hellip; <a href=\"https:\/\/www.rmdsc.de\/?page_id=721\" class=\"more-link\"><span class=\"screen-reader-text\">\u201eJugend\u201c <\/span>weiterlesen<\/a><\/p>\n","protected":false},"author":243,"featured_media":0,"parent":0,"menu_order":0,"comment_status":"closed","ping_status":"closed","template":"","meta":{"footnotes":""},"class_list":["post-721","page","type-page","status-publish","hentry"],"_links":{"self":[{"href":"https:\/\/www.rmdsc.de\/index.php?rest_route=\/wp\/v2\/pages\/721","targetHints":{"allow":["GET"]}}],"collection":[{"href":"https:\/\/www.rmdsc.de\/index.php?rest_route=\/wp\/v2\/pages"}],"about":[{"href":"https:\/\/www.rmdsc.de\/index.php?rest_route=\/wp\/v2\/types\/page"}],"author":[{"embeddable":true,"href":"https:\/\/www.rmdsc.de\/index.php?rest_route=\/wp\/v2\/users\/243"}],"replies":[{"embeddable":true,"href":"https:\/\/www.rmdsc.de\/index.php?rest_route=%2Fwp%2Fv2%2Fcomments&post=721"}],"version-history":[{"count":32,"href":"https:\/\/www.rmdsc.de\/index.php?rest_route=\/wp\/v2\/pages\/721\/revisions"}],"predecessor-version":[{"id":235441,"href":"https:\/\/www.rmdsc.de\/index.php?rest_route=\/wp\/v2\/pages\/721\/revisions\/235441"}],"wp:attachment":[{"href":"https:\/\/www.rmdsc.de\/index.php?rest_route=%2Fwp%2Fv2%2Fmedia&parent=721"}],"curies":[{"name":"wp","href":"https:\/\/api.w.org\/{rel}","templated":true}]}}